{"id":2066,"date":"2026-04-01T15:30:32","date_gmt":"2026-04-01T13:30:32","guid":{"rendered":"https:\/\/dardaniella.com\/?page_id=2066"},"modified":"2026-04-22T15:41:32","modified_gmt":"2026-04-22T13:41:32","slug":"getting-here","status":"publish","type":"page","link":"https:\/\/laclemantn.keral.co\/fr\/getting-here\/","title":{"rendered":"Location"},"content":{"rendered":"\n<div class=\"gb-element-ea905eab\" id=\"push-down-content\">\n<p class=\"gb-text gb-text-ccd94c70\">Tabarka<\/p>\n\n\n\n<p class=\"gb-text gb-text-a8b4f2c3\">Localisation<\/p>\n<\/div>\n\n\n\n<div class=\"gb-element-c9085624\">\n<div class=\"gb-element-fff6423f\">\n<p class=\"gb-text gb-text-e862ed4d\">Le luxe de se laisser guider<\/p>\n\n\n\n<p class=\"gb-text gb-text-45ff40b2\">|<\/p>\n\n\n\n<p class=\"gb-text gb-text-acda42ea\">TRANSPORT &amp; DIRECTIONS<\/p>\n<\/div>\n\n\n\n<div>\n<iframe\nsrc=\"https:\/\/www.google.com\/maps\/embed?pb=!1m18!1m12!1m3!1d1574!2d8.7543917!3d36.9584217!2m3!1f0!2f0!3f0!3m2!1i1024!2i768!4f13.1!3m3!1m2!1s0x12fb3555be937607:0x165d7248427930ab!2sDar+Daniella!5e0!3m2!1sfr!2stn!4v1\"\nwidth=\"100%\"\nheight=\"500\"\nstyle=\"border:0; display:block;\"\nallowfullscreen=\"\"\nloading=\"lazy\">\n<\/iframe>\n\n\n\n<div class=\"gb-element-cade5aa5\">\n<svg width=\"16\" height=\"16\" fill=\"none\" stroke=\"#ffffff\" stroke-width=\"1.5\" viewBox=\"0 0 24 24\">\n  <rect x=\"3\" y=\"3\" width=\"13\" height=\"13\" rx=\"1\"\/>\n  <path d=\"M21 3l-7 7M21 3h-6M21 3v6\"\/>\n<\/svg>\n\n\n\n<p class=\"gb-text gb-text-5d6500b8\">Ouvrir dans Google Map<\/p>\n<\/div>\n<\/div>\n<\/div>\n\n\n\n<div class=\"gb-element-9336df62\">\n<p class=\"gb-text gb-text-ac337563\">RUE KROUMIRIE 55, 8110 Tabarka, TUNISIA<\/p>\n\n\n\n<div class=\"gb-element-d7b59b69\"><\/div>\n\n\n\n<p class=\"gb-text gb-text-d82babf3\"><a href=\"tel:0021698591169\">(216) 98 591 169<\/a><\/p>\n\n\n\n<p class=\"gb-text gb-text-c1a17df9\">Dar Daniella offre intimit\u00e9 et exclusivit\u00e9 au c\u0153ur de Tabarka \u2014 \u00e0 deux pas de la mer et de la for\u00eat de ch\u00eanes-li\u00e8ges. Nous sommes situ\u00e9s \u00e0 seulement quelques minutes de la plage et \u00e0 15 minutes de l&rsquo;a\u00e9roport de Tabarka.<\/p>\n\n\n\n<div class=\"gb-element-a3508782\">\n<p class=\"gb-text gb-text-803f8839\">Confiez-nous l&rsquo;organisation de vos transports.<\/p>\n\n\n\n<div class=\"gb-element-3cb9eed9\">\n<p class=\"gb-text gb-text-0f5c0fe9\">(216) 98 591 169<\/p>\n\n\n\n<a class=\"gb-text gb-text-88601d04\" href=\"https:\/\/dardaniella.com\/contact-2\/\" target=\"_blank\" rel=\"noopener\">Contact<\/a>\n<\/div>\n<\/div>\n<\/div>\n\n\n\n<div class=\"gb-element-8a1865c0\">\n<h4 class=\"gb-text gb-text-5f81cd71\">Transport &amp; Directions<\/h4>\n\n\n\n<div class=\"gb-element-4341c1a1\">\n<p class=\"gb-text gb-text-1a4253a8\">A\u00e9roport International Tabarka-A\u00efn Draham (TBJ)<\/p>\n\n\n\n<p class=\"gb-text gb-text-6c57f5ab\"><a href=\"https:\/\/maps.app.goo.gl\/aVpLXNAtpMKUZiB57\" data-type=\"link\" data-id=\"https:\/\/maps.app.goo.gl\/aVpLXNAtpMKUZiB57\" target=\"_blank\" rel=\"noopener\">DIRECTIONS<\/a><\/p>\n<\/div>\n\n\n\n<div class=\"gb-element-553377af\">\n<p class=\"gb-text gb-text-7a72db57\">Distance<\/p>\n\n\n\n<p class=\"gb-text gb-text-2f2886c8\">15,2 kilom\u00e8tres \/ 9,4 miles<\/p>\n<\/div>\n\n\n\n<div class=\"gb-element-03387329\">\n<p class=\"gb-text gb-text-07bcdeb3\">Temps de trajet<\/p>\n\n\n\n<p class=\"gb-text gb-text-5818f0c5\">25 minutes en voiture<\/p>\n<\/div>\n\n\n\n<div class=\"gb-element-dd09ac49\">\n<p class=\"gb-text gb-text-b91a7295\">A\u00e9roport International Tunis-Carthage (TUN)<\/p>\n\n\n\n<p class=\"gb-text gb-text-f5a10028\"><a href=\"https:\/\/maps.app.goo.gl\/hYQoyKz7JLYatGPD7\" data-type=\"link\" data-id=\"https:\/\/maps.app.goo.gl\/hYQoyKz7JLYatGPD7\" target=\"_blank\" rel=\"noopener\">DIRECTIONS<\/a><\/p>\n<\/div>\n\n\n\n<div class=\"gb-element-02191783\">\n<p class=\"gb-text gb-text-2e762ef5\">Distance<\/p>\n\n\n\n<p class=\"gb-text gb-text-52b00138\">186 kilom\u00e8tres \/ 115,6 miles<\/p>\n<\/div>\n\n\n\n<div class=\"gb-element-93e2b30b\">\n<p class=\"gb-text gb-text-c2e37582\">Temps de trajet<\/p>\n\n\n\n<p class=\"gb-text gb-text-eb6b0d9d\">3 heures en voiture<\/p>\n<\/div>\n<\/div>\n","protected":false},"excerpt":{"rendered":"<p>Tabarka Localisation Le luxe de se laisser guider | TRANSPORT &amp; DIRECTIONS Ouvrir dans Google Map RUE KROUMIRIE 55, 8110 Tabarka, TUNISIA (216) 98 591 169 Dar Daniella offre intimit\u00e9 et exclusivit\u00e9 au c\u0153ur de Tabarka \u2014 \u00e0 deux pas de la mer et de la for\u00eat de ch\u00eanes-li\u00e8ges. Nous sommes situ\u00e9s \u00e0 seulement quelques &#8230; <a title=\"Location\" class=\"read-more\" href=\"https:\/\/laclemantn.keral.co\/fr\/getting-here\/\" aria-label=\"En savoir plus sur Location\">Lire la suite<\/a><\/p>\n","protected":false},"author":1,"featured_media":0,"parent":0,"menu_order":0,"comment_status":"closed","ping_status":"closed","template":"","meta":{"_acf_changed":false,"footnotes":""},"class_list":["post-2066","page","type-page","status-publish"],"acf":[],"_links":{"self":[{"href":"https:\/\/laclemantn.keral.co\/fr\/wp-json\/wp\/v2\/pages\/2066","targetHints":{"allow":["GET"]}}],"collection":[{"href":"https:\/\/laclemantn.keral.co\/fr\/wp-json\/wp\/v2\/pages"}],"about":[{"href":"https:\/\/laclemantn.keral.co\/fr\/wp-json\/wp\/v2\/types\/page"}],"author":[{"embeddable":true,"href":"https:\/\/laclemantn.keral.co\/fr\/wp-json\/wp\/v2\/users\/1"}],"replies":[{"embeddable":true,"href":"https:\/\/laclemantn.keral.co\/fr\/wp-json\/wp\/v2\/comments?post=2066"}],"version-history":[{"count":81,"href":"https:\/\/laclemantn.keral.co\/fr\/wp-json\/wp\/v2\/pages\/2066\/revisions"}],"predecessor-version":[{"id":5363,"href":"https:\/\/laclemantn.keral.co\/fr\/wp-json\/wp\/v2\/pages\/2066\/revisions\/5363"}],"wp:attachment":[{"href":"https:\/\/laclemantn.keral.co\/fr\/wp-json\/wp\/v2\/media?parent=2066"}],"curies":[{"name":"wp","href":"https:\/\/api.w.org\/{rel}","templated":true}]}}