{"id":1649,"date":"2026-03-31T01:37:56","date_gmt":"2026-03-30T23:37:56","guid":{"rendered":"https:\/\/dardaniella.com\/?page_id=1649"},"modified":"2026-04-19T17:51:13","modified_gmt":"2026-04-19T15:51:13","slug":"contact-us","status":"publish","type":"page","link":"https:\/\/laclemantn.keral.co\/fr\/contact-us\/","title":{"rendered":"Contact"},"content":{"rendered":"\n<div class=\"gb-element-9e371235\" id=\"push-down-content\">\n<p class=\"gb-text gb-text-b586f19f\">Tabarka<\/p>\n\n\n\n<p class=\"gb-text gb-text-37600fd5\">Contactez-nous<\/p>\n<\/div>\n\n\n\n<div class=\"gb-element-8a1865c0\">\n<div class=\"gb-element-4341c1a1\">\n<p class=\"gb-text gb-text-1a4253a8\">Addresse<\/p>\n\n\n\n<p class=\"gb-text gb-text-6c57f5ab\"><a href=\"https:\/\/maps.app.goo.gl\/aVpLXNAtpMKUZiB57\" data-type=\"link\" data-id=\"https:\/\/maps.app.goo.gl\/aVpLXNAtpMKUZiB57\" target=\"_blank\" rel=\"noopener\"><em>Rue Kroumirie 55, Tabarka 8110, Jendouba<\/em><\/a><\/p>\n<\/div>\n\n\n\n<div class=\"gb-element-553377af\">\n<p class=\"gb-text gb-text-7a72db57\">R\u00e9servation<\/p>\n\n\n\n<p class=\"gb-text gb-text-2f2886c8\"><a href=\"tel:0021698591169\" data-type=\"tel\" data-id=\"tel:0021698591169\">(216) 98 591 169<\/a><\/p>\n<\/div>\n<\/div>\n\n\n\n<div class=\"gb-element-9765b7e8\">\n<div class=\"gb-element-27771341\">\n<style>\n\/* \u2500\u2500 Structure g\u00e9n\u00e9rale \u2500\u2500 *\/\n.dd-form {\n  background: #ffffff;\n  padding: 60px;\n  max-width: 1040px;\n  margin: 0 auto;\n}\n\n\/* \u2500\u2500 Grids \u2500\u2500 *\/\n.dd-row-3 {\n  display: grid !important;\n  grid-template-columns: 0.5fr 1fr 1fr;\n  gap: 20px;\n  margin-bottom: 20px;\n}\n.dd-row-2 {\n  display: grid !important;\n  grid-template-columns: 1fr 1fr;\n  gap: 20px;\n  margin-bottom: 0;\n}\n\n\/* \u2500\u2500 Supprime les p et br g\u00e9n\u00e9r\u00e9s par CF7 \u2500\u2500 *\/\n.dd-row-2 > p,\n.dd-row-3 > p,\n.dd-row-2 > div > p {\n  display: contents;\n}\n.dd-row-2 > p > br,\n.dd-row-3 > p > br,\n.dd-row-2 > div > p > br {\n  display: none;\n}\n\n\/* \u2500\u2500 Chaque span prend toute la largeur \u2500\u2500 *\/\n.dd-row-2 > p > span,\n.dd-row-3 > p > span,\n.dd-row-2 > div > p > span {\n  display: block;\n  width: 100%;\n}\n\n\/* \u2500\u2500 Le div contenant phone+checkbox \u2500\u2500 *\/\n.dd-row-2 > div {\n  display: contents;\n}\n\n\/* \u2500\u2500 Champs \u2500\u2500 *\/\n.dd-form input:not([type=submit]):not([type=checkbox]),\n.dd-form select,\n.dd-form textarea {\n  width: 100%;\n  background: #f0f0f0;\n  border: none;\n  border-bottom: 1px solid #ccc;\n  padding: 16px 14px;\n  font-family: 'Cormorant Garamond', serif;\n  font-size: 14px;\n  color: #000;\n  outline: none;\n  border-radius: 0;\n  display: block;\n  box-sizing: border-box;\n}\n\n\/* \u2500\u2500 Textarea \u2500\u2500 *\/\n.dd-form textarea {\n  height: 160px;\n  resize: vertical;\n  margin-top: 20px;\n  margin-bottom: 0;\n}\n\n\/* \u2500\u2500 Checkbox \u2500\u2500 *\/\n.wpcf7-form-control-wrap[data-name=\"phone-primary\"] {\n  margin-top: 8px;\n  display: block;\n}\n.wpcf7-list-item {\n  margin: 0;\n  display: block;\n}\n.wpcf7-list-item-label {\n  font-family: 'Inter', sans-serif;\n  font-size: 10px;\n  color: #666;\n  letter-spacing: 0.05em;\n}\n\n\/* \u2500\u2500 Espacement entre les lignes \u2500\u2500 *\/\n.dd-row-3,\n.dd-row-2 {\n  margin-bottom: 20px;\n}\n\n\/* \u2500\u2500 Submit \u2500\u2500 *\/\n.dd-submit {\n  text-align: center;\n  margin-top: 32px;\n}\n.dd-form input[type=submit] {\n  background: #000;\n  color: #fff;\n  font-family: 'Inter', sans-serif;\n  font-size: 10px;\n  letter-spacing: 0.2em;\n  text-transform: uppercase;\n  padding: 16px 48px;\n  border: none;\n  cursor: pointer;\n  width: auto;\n}\n.dd-form input[type=submit]:hover {\n  background: #333;\n}\n.dd-row-2 .wpcf7-form-control-wrap[data-name=\"phone-primary\"] {\n  grid-column: 2;\n  margin-top: -10px;\n}\n@media (max-width: 767px) {\n  .dd-form {\n    padding: 30px 20px;\n  }\n\n  .dd-row-3 {\n    grid-template-columns: 1fr !important;\n  }\n\n  .dd-row-2 {\n    grid-template-columns: 1fr !important;\n  }\n\n  .dd-form input:not([type=submit]):not([type=checkbox]),\n  .dd-form select,\n  .dd-form textarea {\n    font-size: 16px; \/* \u00e9vite le zoom auto iOS *\/\n  }\n\n  .dd-row-2 .wpcf7-form-control-wrap[data-name=\"phone-primary\"] {\n    grid-column: 1;\n    margin-top: 0;\n  }\n.dd-form input[type=submit] {\n    display: block;\n    margin: 40px auto 0 auto;\n    width: 100%;\n}\n<\/style>\n\n\n\n<div class=\"wpcf7 no-js\" id=\"wpcf7-f2215-o1\" lang=\"fr-FR\" dir=\"ltr\" data-wpcf7-id=\"2215\">\n<div class=\"screen-reader-response\"><p role=\"status\" aria-live=\"polite\" aria-atomic=\"true\"><\/p> <ul><\/ul><\/div>\n<form action=\"\/fr\/wp-json\/wp\/v2\/pages\/1649#wpcf7-f2215-o1\" method=\"post\" class=\"wpcf7-form init\" aria-label=\"Formulaire de contact\" novalidate=\"novalidate\" data-status=\"init\">\n<fieldset class=\"hidden-fields-container\"><input type=\"hidden\" name=\"_wpcf7\" value=\"2215\" \/><input type=\"hidden\" name=\"_wpcf7_version\" value=\"6.1.5\" \/><input type=\"hidden\" name=\"_wpcf7_locale\" value=\"fr_FR\" \/><input type=\"hidden\" name=\"_wpcf7_unit_tag\" value=\"wpcf7-f2215-o1\" \/><input type=\"hidden\" name=\"_wpcf7_container_post\" value=\"0\" \/><input type=\"hidden\" name=\"_wpcf7_posted_data_hash\" value=\"\" \/>\n<\/fieldset>\n<div class=\"dd-form\">\n\t<div class=\"dd-row-3\">\n\t\t<p><span><span class=\"wpcf7-form-control-wrap\" data-name=\"title\"><select class=\"wpcf7-form-control wpcf7-select\" aria-invalid=\"false\" name=\"title\"><option value=\"\">&#8212;Veuillez choisir une option&#8212;<\/option><option value=\"M.\">M.<\/option><option value=\"Mme.\">Mme.<\/option><option value=\"Mlle.\">Mlle.<\/option><option value=\"Dr.\">Dr.<\/option><\/select><\/span><\/span><br \/>\n<span><span class=\"wpcf7-form-control-wrap\" data-name=\"first-name\"><input size=\"40\" maxlength=\"400\" class=\"wpcf7-form-control wpcf7-text wpcf7-validates-as-required\" aria-required=\"true\" aria-invalid=\"false\" placeholder=\"Pr\u00e9nom*\" value=\"\" type=\"text\" name=\"first-name\" \/><\/span><\/span><br \/>\n<span><span class=\"wpcf7-form-control-wrap\" data-name=\"last-name\"><input size=\"40\" maxlength=\"400\" class=\"wpcf7-form-control wpcf7-text wpcf7-validates-as-required\" aria-required=\"true\" aria-invalid=\"false\" placeholder=\"Nom*\" value=\"\" type=\"text\" name=\"last-name\" \/><\/span><\/span>\n\t\t<\/p>\n\t<\/div>\n\t<div class=\"dd-row-2\">\n\t\t<p><span><span class=\"wpcf7-form-control-wrap\" data-name=\"email\"><input size=\"40\" maxlength=\"400\" class=\"wpcf7-form-control wpcf7-email wpcf7-validates-as-required wpcf7-text wpcf7-validates-as-email\" aria-required=\"true\" aria-invalid=\"false\" placeholder=\"E-mail*\" value=\"\" type=\"email\" name=\"email\" \/><\/span><\/span>\n\t\t<\/p>\n\t\t<div>\n\t\t\t<p><span class=\"wpcf7-form-control-wrap\" data-name=\"phone\"><input size=\"40\" maxlength=\"400\" class=\"wpcf7-form-control wpcf7-tel wpcf7-text wpcf7-validates-as-tel\" aria-invalid=\"false\" placeholder=\"Num\u00e9ro de t\u00e9l\u00e9phone\" value=\"\" type=\"tel\" name=\"phone\" \/><\/span><br \/>\n<span class=\"wpcf7-form-control-wrap\" data-name=\"phone-primary\"><span class=\"wpcf7-form-control wpcf7-checkbox\"><span class=\"wpcf7-list-item first last\"><input type=\"checkbox\" name=\"phone-primary[]\" value=\"Je pr\u00e9f\u00e8re \u00eatre contact\u00e9 par t\u00e9l\u00e9phone.\" \/><span class=\"wpcf7-list-item-label\">Je pr\u00e9f\u00e8re \u00eatre contact\u00e9 par t\u00e9l\u00e9phone.<\/span><\/span><\/span><\/span>\n\t\t\t<\/p>\n\t\t<\/div>\n\t<\/div>\n\t<div class=\"dd-row-2\">\n\t\t<p><span><span class=\"wpcf7-form-control-wrap\" data-name=\"reason\"><select class=\"wpcf7-form-control wpcf7-select wpcf7-validates-as-required\" aria-required=\"true\" aria-invalid=\"false\" name=\"reason\"><option value=\"\">&#8212;Veuillez choisir une option&#8212;<\/option><option value=\"R\u00e9servation\">R\u00e9servation<\/option><option value=\"Commentaires et pr\u00e9occupations\">Commentaires et pr\u00e9occupations<\/option><option value=\"Objets perdu\">Objets perdu<\/option><option value=\"R\u00e9clamation\">R\u00e9clamation<\/option><option value=\"Autre\">Autre<\/option><\/select><\/span><\/span><br \/>\n<span><span class=\"wpcf7-form-control-wrap\" data-name=\"confirmation\"><input size=\"40\" maxlength=\"400\" class=\"wpcf7-form-control wpcf7-text\" aria-invalid=\"false\" placeholder=\"Num\u00e9ro de confirmation\" value=\"\" type=\"text\" name=\"confirmation\" \/><\/span><\/span>\n\t\t<\/p>\n\t<\/div>\n\t<p><span class=\"wpcf7-form-control-wrap\" data-name=\"message\"><textarea cols=\"40\" rows=\"10\" maxlength=\"2000\" class=\"wpcf7-form-control wpcf7-textarea\" aria-invalid=\"false\" placeholder=\"Comment pouvons-nous vous aider ?\" name=\"message\"><\/textarea><\/span>\n\t<\/p>\n\t<div class=\"dd-submit\">\n\t\t<p><input class=\"wpcf7-form-control wpcf7-submit has-spinner\" type=\"submit\" value=\"ENVOYER\" \/>\n\t\t<\/p>\n\t<\/div>\n<\/div><div class=\"wpcf7-response-output\" aria-hidden=\"true\"><\/div>\n<\/form>\n<\/div>\n\n<\/div>\n<\/div>\n\n\n\n<div class=\"gb-element-meet-001 gb-element\">\n<div class=\"gb-element-meet-002 gb-element\">\n<div class=\"gb-element-meet-003 gb-element\">\n<p class=\"gb-text gb-text-meet-004\">R\u00e9unions et \u00e9v\u00e9nements inoubliables<\/p>\n\n\n\n<p class=\"gb-text gb-text-meet-005\">Sublimez vos r\u00e9unions professionnelles et \u00e9v\u00e9nements priv\u00e9s par des exp\u00e9riences uniques \u00e0 Tabarka. Offrez \u00e0 vos \u00e9quipes une immersion au c\u0153ur d\u2019un environnement naturel exceptionnel, entre mer M\u00e9diterran\u00e9e et for\u00eats de pins, ou profitez d\u2019activit\u00e9s de team building le long du littoral, face aux paysages embl\u00e9matiques de la r\u00e9gion.<br>Notre \u00e9tablissement offre un cadre \u00e0 la fois inspirant et apaisant pour vos \u00e9v\u00e9nements de groupe, avec un acc\u00e8s facile et une proximit\u00e9 avec les principales commodit\u00e9s locales.<\/p>\n<\/div>\n\n\n\n<div class=\"gb-element-meet-006 gb-element\"><\/div>\n\n\n\n<div class=\"gb-element-meet-007 gb-element\">\n<p class=\"gb-text gb-text-meet-008\"><a style=\"color:#ffffff;text-decoration:none;\" href=\"\/meetings-events\"><strong>S\u00e9minaires &amp; \u00e9v\u00e9nements<\/strong> &nbsp;\u2192<\/a><\/p>\n<\/div>\n<\/div>\n<\/div>\n\n\n\n<p><\/p>\n","protected":false},"excerpt":{"rendered":"<p>Tabarka Contactez-nous Addresse Rue Kroumirie 55, Tabarka 8110, Jendouba R\u00e9servation (216) 98 591 169 R\u00e9unions et \u00e9v\u00e9nements inoubliables Sublimez vos r\u00e9unions professionnelles et \u00e9v\u00e9nements priv\u00e9s par des exp\u00e9riences uniques \u00e0 Tabarka. Offrez \u00e0 vos \u00e9quipes une immersion au c\u0153ur d\u2019un environnement naturel exceptionnel, entre mer M\u00e9diterran\u00e9e et for\u00eats de pins, ou profitez d\u2019activit\u00e9s de team &#8230; <a title=\"Contact\" class=\"read-more\" href=\"https:\/\/laclemantn.keral.co\/fr\/contact-us\/\" aria-label=\"En savoir plus sur Contact\">Lire la suite<\/a><\/p>\n","protected":false},"author":1,"featured_media":0,"parent":0,"menu_order":0,"comment_status":"closed","ping_status":"closed","template":"","meta":{"_acf_changed":false,"footnotes":""},"class_list":["post-1649","page","type-page","status-publish"],"acf":[],"_links":{"self":[{"href":"https:\/\/laclemantn.keral.co\/fr\/wp-json\/wp\/v2\/pages\/1649","targetHints":{"allow":["GET"]}}],"collection":[{"href":"https:\/\/laclemantn.keral.co\/fr\/wp-json\/wp\/v2\/pages"}],"about":[{"href":"https:\/\/laclemantn.keral.co\/fr\/wp-json\/wp\/v2\/types\/page"}],"author":[{"embeddable":true,"href":"https:\/\/laclemantn.keral.co\/fr\/wp-json\/wp\/v2\/users\/1"}],"replies":[{"embeddable":true,"href":"https:\/\/laclemantn.keral.co\/fr\/wp-json\/wp\/v2\/comments?post=1649"}],"version-history":[{"count":99,"href":"https:\/\/laclemantn.keral.co\/fr\/wp-json\/wp\/v2\/pages\/1649\/revisions"}],"predecessor-version":[{"id":5026,"href":"https:\/\/laclemantn.keral.co\/fr\/wp-json\/wp\/v2\/pages\/1649\/revisions\/5026"}],"wp:attachment":[{"href":"https:\/\/laclemantn.keral.co\/fr\/wp-json\/wp\/v2\/media?parent=1649"}],"curies":[{"name":"wp","href":"https:\/\/api.w.org\/{rel}","templated":true}]}}