{"id":1642,"date":"2026-03-31T01:35:19","date_gmt":"2026-03-30T23:35:19","guid":{"rendered":"https:\/\/dardaniella.com\/?page_id=1642"},"modified":"2026-04-15T16:42:02","modified_gmt":"2026-04-15T14:42:02","slug":"home","status":"publish","type":"page","link":"https:\/\/laclemantn.keral.co\/fr\/","title":{"rendered":"Home"},"content":{"rendered":"\n<div class=\"gb-element-7882b381\">\n<div class=\"gb-element-5fdcc093\">\n<p class=\"gb-text gb-text-4017647b\">Welcome back, let us help you with your booking.<\/p>\n\n\n\n<div class=\"gb-element-1e848e1a\">\n<div class=\"gb-element-176ccf4e\">\n<p class=\"gb-text gb-text-fe895b85\">CHECK-IN CHECK OUT<\/p>\n\n\n\n<p class=\"gb-text gb-text-4272d625\">Jeu, 24 Sep &#8211; Sam, 26 Sep<\/p>\n<\/div>\n\n\n\n<div class=\"gb-element-33245c56\">\n<p class=\"gb-text gb-text-e0a24237\">CHANGE DATES<\/p>\n<\/div>\n<\/div>\n\n\n\n<a class=\"gb-text gb-text-2ab4f5ab\">Resume Search<\/a>\n<\/div>\n\n\n\n<div class=\"gb-element-f8bda043\">\n<div class=\"gb-element-c71db899\">\n<p class=\"gb-text gb-text-5b59ed0d\">Dar Daniella<\/p>\n\n\n\n<h1 class=\"gb-text gb-text-9b69d23f\">TABARKA<\/h1>\n<\/div>\n\n\n\n<div class=\"gb-element-4df79cc7\">\n<div class=\"gb-element-5039826f\">\n<p class=\"gb-text gb-text-bed9fea8\">Dar Daniella<\/p>\n\n\n\n<h1 class=\"gb-text gb-text-bd94b5b9\">TABARKA<\/h1>\n\n\n\n<p class=\"gb-text gb-text-0f0af1e8\">&nbsp;<em>55 Rue Kroumirie, Tabarka 8110<\/em><\/p>\n\n\n\n<div class=\"gb-element-ac772882\">\n<p class=\"gb-text gb-text-a4969d05\"><a href=\"tel:0021621359877\">+216 98 591 169<\/a><\/p>\n\n\n\n<p class=\"gb-text gb-text-0da25741\"><a href=\"https:\/\/dardaniella.com\/getting-here\" data-type=\"link\" data-id=\"https:\/\/dardaniella.com\/getting-here\" target=\"_blank\" rel=\"noopener\">Localisation<\/a><\/p>\n\n\n\n<p class=\"gb-text gb-text-21da3bb6\"><a href=\"https:\/\/dardaniella.com\/contact-us\/\" data-type=\"page\" data-id=\"1649\" target=\"_blank\" rel=\"noopener\">Contact<\/a><\/p>\n<\/div>\n<\/div>\n\n\n\n<div class=\"gb-element-6d5ce99d\">\n<h2 class=\"gb-text gb-text-cb0c56c8\">Bienvenue, votre prochain voyage vous attend.<\/h2>\n\n\n\n<a class=\"gb-text gb-text-73068dc9\">Consulter les tarifs<\/a>\n\n\n\n<p class=\"gb-text gb-text-c59bb279\">J\u2019ai d\u00e9j\u00e0 effectu\u00e9 une r\u00e9servation<\/p>\n<\/div>\n<\/div>\n<\/div>\n\n\n\n<div class=\"gb-element-285788ae open-calendar-trigger\">\n<a class=\"gb-text gb-text-5e3043fb\">Voir les tarifs<\/a>\n<\/div>\n\n\n\n<div class=\"gb-element-ac63a4e9\">\n<p class=\"gb-text gb-text-91cc16b3\">Rue Kroumirie 55, Tabarka 8110, Tunisie<\/p>\n\n\n\n<div class=\"gb-element-43558b6b\">\n<p class=\"gb-text gb-text-92b2b176\" onclick=\"document.getElementById('call-popup').style.display='flex'\" style=\"cursor:pointer;text-decoration:underline;\">\n  (216) 98 591 169\n<\/p>\n\n\n\n<p class=\"gb-text gb-text-cd4a1207\"><a href=\"https:\/\/dardaniella.com\/getting-here\/\" data-type=\"page\" data-id=\"2066\" target=\"_blank\" rel=\"noopener\">Location<\/a><\/p>\n\n\n\n<p class=\"gb-text gb-text-24678d56\"><a href=\"https:\/\/dardaniella.com\/contact-us\/\" data-type=\"page\" data-id=\"1649\" target=\"_blank\" rel=\"noopener\">Contact Us<\/a><\/p>\n<\/div>\n<\/div>\n\n\n\n<div class=\"gb-element-64a1563f\">\n<div class=\"gb-element-4515c287\">\n<a class=\"gb-element-1f45705d\" href=\"https:\/\/dardaniella.com\/getting-here\/\" target=\"_blank\" rel=\"noopener\">\n<figure class=\"wp-block-image size-large is-resized\"><img loading=\"lazy\" decoding=\"async\" width=\"32\" height=\"32\" src=\"https:\/\/dardaniella.com\/wp-content\/uploads\/2026\/03\/location.svg\" alt=\"\" class=\"wp-image-1784\" style=\"object-fit:cover;width:24px;height:24px\"\/><\/figure>\n\n\n\n<p class=\"gb-text gb-text-c77fb532\">Localisation<\/p>\n<\/a>\n\n\n\n<a class=\"gb-element-25e68a1c\" href=\"https:\/\/dardaniella.com\/accommodations\/\" target=\"_blank\" rel=\"noopener\">\n<figure class=\"wp-block-image size-large is-resized\"><img loading=\"lazy\" decoding=\"async\" width=\"32\" height=\"32\" src=\"https:\/\/dardaniella.com\/wp-content\/uploads\/2026\/03\/accommodations.svg\" alt=\"\" class=\"wp-image-1783\" style=\"object-fit:cover;width:24px;height:24px\"\/><\/figure>\n\n\n\n<p class=\"gb-text gb-text-f36aecf2\">Chambres &amp; Suites<\/p>\n<\/a>\n\n\n\n<a class=\"gb-element-b1bf2e4b\" href=\"https:\/\/dardaniella.com\/gallery\/\" target=\"_blank\" rel=\"noopener\">\n<figure class=\"wp-block-image size-large is-resized\"><img loading=\"lazy\" decoding=\"async\" width=\"32\" height=\"32\" src=\"https:\/\/dardaniella.com\/wp-content\/uploads\/2026\/03\/gallery.svg\" alt=\"\" class=\"wp-image-1785\" style=\"object-fit:cover;width:24px;height:24px\"\/><\/figure>\n\n\n\n<p class=\"gb-text gb-text-08dbfdf5\">Galerie<\/p>\n<\/a>\n\n\n\n<a class=\"gb-element-e1e62a38\">\n<figure class=\"wp-block-image size-large is-resized\"><img loading=\"lazy\" decoding=\"async\" width=\"32\" height=\"32\" src=\"https:\/\/dardaniella.com\/wp-content\/uploads\/2026\/03\/facilities.svg\" alt=\"\" class=\"wp-image-1786\" style=\"object-fit:cover;width:24px;height:24px\"\/><\/figure>\n\n\n\n<p class=\"gb-text gb-text-fcc60b72\"><em>Services &amp; \u00c9quipements<\/em><\/p>\n<\/a>\n\n\n\n<a class=\"gb-element-c36ebbe1\" href=\"https:\/\/dardaniella.com\/dining\/\" target=\"_blank\" rel=\"noopener\">\n<figure class=\"wp-block-image size-large is-resized\"><img loading=\"lazy\" decoding=\"async\" width=\"32\" height=\"32\" src=\"https:\/\/dardaniella.com\/wp-content\/uploads\/2026\/03\/dining.svg\" alt=\"\" class=\"wp-image-1787\" style=\"object-fit:cover;width:24px;height:24px\"\/><\/figure>\n\n\n\n<p class=\"gb-text gb-text-8fa2ca0d\">Restauration<\/p>\n<\/a>\n<\/div>\n<\/div>\n\n\n\n<div class=\"gb-element-96906e17\">\n<link rel=\"stylesheet\" href=\"https:\/\/cdn.jsdelivr.net\/npm\/swiper@11\/swiper-bundle.min.css\">\n\n<style>\n.dd-accommodations-wrap {\n  width: 100%;\n  background: #ffffff;\n  text-align: center;\n  box-sizing: border-box;\n  overflow: visible;\n  position: relative;\n  display: flex;\n  flex-direction: column;\n}\n.dd-swiper {\n  width: 100%;\n  height: 535px !important;\n  padding: 20px 0 0 0 !important;\n  overflow: clip !important;\n}\n.dd-swiper .swiper-wrapper { align-items: flex-start; }\n.dd-swiper .swiper-slide {\n  width: 380px !important;\n  height: auto !important;\n  display: flex;\n  flex-direction: column;\n  align-items: center;\n  cursor: pointer;\n  opacity: 0.6;\n  transform: scale(0.85);\n  transition: transform 0.8s ease, opacity 0.8s ease;\n  will-change: transform, opacity;\n}\n.dd-slide__img-container {\n  width: 100%;\n  max-width: 380px;\n  height: 280px;\n  margin: 0 auto;\n  overflow: hidden;\n  position: relative;\n  transition: box-shadow 0.8s ease;\n}\n.dd-swiper .swiper-slide .dd-slide__img-container img {\n  width: 100% !important;\n  height: 100% !important;\n  object-fit: cover !important;\n  display: block !important;\n}\n.dd-swiper .swiper-slide-active { transform: scale(1); opacity: 1; z-index: 10; }\n.dd-swiper .swiper-slide-active .dd-slide__img-container { box-shadow: 0 20px 50px rgba(0,0,0,0.12); }\n.dd-slide__label {\n  position: absolute; bottom: 20px; left: 0; right: 0;\n  font-family: 'Cormorant Garamond', serif; font-size: 11px;\n  letter-spacing: 0.2em; text-transform: uppercase; color: #ffffff; transition: opacity 0.3s;\n}\n.swiper-slide-active .dd-slide__label { opacity: 0; }\n.dd-slide__content {\n  width: 100%; background: #faf8f5; padding: 0 24px; box-sizing: border-box;\n  opacity: 0; height: 0; overflow: hidden;\n  transition: opacity 0.5s ease, height 0.5s ease, padding 0.5s ease;\n  box-shadow: 0 20px 60px rgba(44, 40, 37, 0.12);\n}\n.swiper-slide-active .dd-slide__content { opacity: 1; height: 210px; padding: 24px; }\n.dd-slide__name { font-family: 'Cormorant Garamond', serif; font-size: 12px; font-weight: 600; letter-spacing: 0.2em; text-transform: uppercase; margin: 0 0 10px 0; color: #000; }\n.dd-slide__divider { width: 30px; height: 1px; background: #000; margin: 0 auto 14px; }\n.dd-slide__desc { font-family: 'Cormorant Garamond', serif; font-size: 13px; font-style: italic; color: #555; line-height: 1.7; margin: 0 0 20px 0; }\n.dd-slide__buttons { display: flex; gap: 10px; justify-content: center; }\n.dd-slide__btn-primary { padding: 11px 18px; background: #000; color: #fff; font-family: 'Inter', sans-serif; font-size: 9px; letter-spacing: 0.2em; text-transform: uppercase; text-decoration: none; }\n.dd-slide__btn-secondary { padding: 11px 18px; border: 1px solid #000; color: #000; font-family: 'Inter', sans-serif; font-size: 9px; letter-spacing: 0.2em; text-transform: uppercase; text-decoration: none; }\n.dd-swiper-nav { display: flex; align-items: center; justify-content: center; gap: 24px; padding: 20px 0 30px 0; height: 50px; }\n.dd-swiper-nav button { background: none; border: none; cursor: pointer; font-size: 20px; color: #000; transition: 0.3s; padding: 10px; }\n.dd-counter { font-family: 'Cormorant Garamond', serif; font-size: 14px; color: #000; min-width: 60px; }\n@media (max-width: 768px) {\n  .dd-swiper { height: 515px !important; padding-bottom: 0 !important; }\n  .dd-swiper .swiper-slide { width: 85vw !important; transform: scale(0.9); }\n  .dd-swiper .swiper-slide-active { transform: scale(1); }\n  .dd-slide__img-container, .dd-swiper .swiper-slide-active .dd-slide__img-container { height: 220px; }\n  .dd-slide__content { padding: 0 15px; }\n  .swiper-slide-active .dd-slide__content { height: 260px; padding: 20px 15px; opacity: 1; }\n  .dd-slide__buttons { flex-direction: column; gap: 8px; }\n  .dd-slide__btn-primary, .dd-slide__btn-secondary { width: 100%; box-sizing: border-box; }\n}\n<\/style>\n\n<div class=\"dd-accommodations-wrap\">\n  <div class=\"swiper dd-swiper\">\n    <div class=\"swiper-wrapper\" id=\"dd-swiper-wrapper\"><\/div>\n  <\/div>\n  <div class=\"dd-swiper-nav\">\n    <button class=\"dd-prev\">&#8592;<\/button>\n    <span class=\"dd-counter\">1 \/ 5<\/span>\n    <button class=\"dd-next\">&#8594;<\/button>\n  <\/div>\n<\/div>\n\n<script src=\"https:\/\/cdn.jsdelivr.net\/npm\/swiper@11\/swiper-bundle.min.js\"><\/script>\n<script>\ndocument.addEventListener('DOMContentLoaded', function() {\n\n  \/\/ \u2705 MODIFIE UNIQUEMENT CE TABLEAU POUR CHANGER LES CHAMBRES\n  const CHAMBRES = [\n    {\n      image: \"https:\/\/images.unsplash.com\/photo-1631049307264-da0ec9d70304?w=600\",\n      nom: \"Sea-View Suite\",\n      description: \"Profitez d'une vue imprenable sur la mer M\u00e9diterran\u00e9e depuis votre terrasse priv\u00e9e.\",\n      lienTarifs: \"#\",\n      lienDetails: \"#\"\n    },\n    {\n      image: \"https:\/\/images.unsplash.com\/photo-1618773928121-c32242e63f39?w=600\",\n      nom: \"Deluxe Garden Room\",\n      description: \"Une chambre \u00e9l\u00e9gante avec vue sur les jardins luxuriants de Dar Daniella.\",\n      lienTarifs: \"#\",\n      lienDetails: \"#\"\n    },\n    {\n      image: \"https:\/\/images.unsplash.com\/photo-1582719478250-c89cae4dc85b?w=600\",\n      nom: \"Mediterranean Suite\",\n      description: \"Ces suites au premier \u00e9tage offrent une terrasse priv\u00e9e avec bassin de plong\u00e9e.\",\n      lienTarifs: \"#\",\n      lienDetails: \"#\"\n    },\n    {\n      image: \"https:\/\/images.unsplash.com\/photo-1590490360182-c33d57733427?w=600\",\n      nom: \"Executive Suite\",\n      description: \"Une suite executive avec tout le confort pour un s\u00e9jour d'exception \u00e0 Tabarka.\",\n      lienTarifs: \"#\",\n      lienDetails: \"#\"\n    },\n    {\n      image: \"https:\/\/images.unsplash.com\/photo-1566665797739-1674de7a421a?w=600\",\n      nom: \"Premier Room\",\n      description: \"Notre chambre Premier offre un design soign\u00e9 et toutes les commodit\u00e9s modernes.\",\n      lienTarifs: \"#\",\n      lienDetails: \"#\"\n    }\n  ];\n\n  \/\/ On double les slides pour satisfaire Swiper v11 loop\n  const CHAMBRES_LOOP = [...CHAMBRES, ...CHAMBRES];\n\n  \/\/ G\u00e9n\u00e8re les slides depuis CHAMBRES_LOOP (10 slides au total)\n  const wrapper = document.getElementById('dd-swiper-wrapper');\n  CHAMBRES_LOOP.forEach(function(chambre) {\n    wrapper.innerHTML += `\n      <div class=\"swiper-slide\">\n        <div class=\"dd-slide__img-container\">\n          <img decoding=\"async\" src=\"${chambre.image}\" alt=\"${chambre.nom}\">\n          <div class=\"dd-slide__label\">${chambre.nom}<\/div>\n        <\/div>\n        <div class=\"dd-slide__content\">\n          <p class=\"dd-slide__name\">${chambre.nom}<\/p>\n          <div class=\"dd-slide__divider\"><\/div>\n          <p class=\"dd-slide__desc\">${chambre.description}<\/p>\n          <div class=\"dd-slide__buttons\">\n            <a href=\"${chambre.lienTarifs}\" class=\"dd-slide__btn-primary\">Voir les tarifs<\/a>\n            <a href=\"${chambre.lienDetails}\" class=\"dd-slide__btn-secondary\">En savoir plus<\/a>\n          <\/div>\n        <\/div>\n      <\/div>`;\n  });\n\nlet manualIndex = 0;\n\nconst swiper = new Swiper('.dd-swiper', {\n  centeredSlides: true,\n  slidesPerView: 'auto',\n  spaceBetween: 0,\n  initialSlide: 0,\n  speed: 900,\n  grabCursor: true,\n  slideToClickedSlide: true,\n  watchSlidesProgress: true,\n  loop: true,\n  on: {\n    init: function() {\n      updateCounter();\n    },\n    slideChange: function() {\n      const dir = this.swipeDirection;\n      if (dir === 'next') {\n        manualIndex = (manualIndex + 1) % CHAMBRES.length;\n      } else {\n        manualIndex = (manualIndex - 1 + CHAMBRES.length) % CHAMBRES.length;\n      }\n      updateCounter();\n    }\n  }\n});\n\nfunction updateCounter() {\n  const counter = document.querySelector('.dd-counter');\n  if (counter) {\n    counter.textContent = (manualIndex + 1) + ' \/ ' + CHAMBRES.length;\n  }\n}\n\n  document.querySelector('.dd-prev').addEventListener('click', () => swiper.slidePrev());\n  document.querySelector('.dd-next').addEventListener('click', () => swiper.slideNext());\n});\n<\/script>\n<\/div>\n\n\n\n<div class=\"gb-element-58cf5550\">\n<div class=\"gb-element-grp-001 gb-element\">\n<div class=\"gb-element-grp-002 gb-element\">\n<img loading=\"lazy\" decoding=\"async\" width=\"1600\" height=\"1200\" class=\"gb-media-2b961178\" alt=\"\" title=\"Image01\" src=\"https:\/\/dardaniella.com\/wp-content\/uploads\/2024\/02\/Image01.jpg\" srcset=\"https:\/\/laclemantn.keral.co\/wp-content\/uploads\/2024\/02\/Image01.jpg 1600w, https:\/\/laclemantn.keral.co\/wp-content\/uploads\/2024\/02\/Image01-300x225.jpg 300w, https:\/\/laclemantn.keral.co\/wp-content\/uploads\/2024\/02\/Image01-1024x768.jpg 1024w, https:\/\/laclemantn.keral.co\/wp-content\/uploads\/2024\/02\/Image01-768x576.jpg 768w, https:\/\/laclemantn.keral.co\/wp-content\/uploads\/2024\/02\/Image01-1536x1152.jpg 1536w, https:\/\/laclemantn.keral.co\/wp-content\/uploads\/2024\/02\/Image01-100x75.jpg 100w, https:\/\/laclemantn.keral.co\/wp-content\/uploads\/2024\/02\/Image01-600x450.jpg 600w\" sizes=\"auto, (max-width: 1600px) 100vw, 1600px\" \/>\n<\/div>\n\n\n\n<div class=\"gb-element-ca3e4af6\"><\/div>\n\n\n\n<div class=\"gb-element-grp-003 gb-element\">\n<h2 class=\"gb-text gb-text-grp-004\">Offres groupes d\u2019exception<\/h2>\n\n\n\n<p class=\"gb-text gb-text-grp-005\">D\u00e9couvrez une s\u00e9lection d\u2019offres groupes d\u2019exception au sein de notre h\u00f4tel, sublim\u00e9es par des avantages uniques, con\u00e7us pour inspirer vos invit\u00e9s et marquer durablement les esprits.<\/p>\n\n\n\n<p class=\"gb-text gb-text-grp-006\">Explorer les offres<\/p>\n<\/div>\n<\/div>\n\n\n\n<div class=\"gb-element-grp-007 gb-element\">\n<div class=\"gb-element-grp-008 gb-element\">\n<h2 class=\"gb-text gb-text-grp-009\">Exclusivit\u00e9s &amp; Privatisation<\/h2>\n\n\n\n<p class=\"gb-text gb-text-grp-010\">Offrez-vous un cadre aux possibilit\u00e9s infinies en privatisant enti\u00e8rement la propri\u00e9t\u00e9. Chaque moment, pens\u00e9 sur mesure pour votre groupe, ouvre la voie \u00e0 des opportunit\u00e9s uniques de personnalisation, une libert\u00e9 d\u2019organisation absolue et un acc\u00e8s privil\u00e9gi\u00e9 \u00e0 tous les espaces.<\/p>\n\n\n\n<p class=\"gb-text gb-text-grp-011\">Explorer davantage<\/p>\n<\/div>\n\n\n\n<div class=\"gb-element-fea11449\"><\/div>\n\n\n\n<div class=\"gb-element-grp-012 gb-element\">\n<img loading=\"lazy\" decoding=\"async\" width=\"1600\" height=\"1200\" class=\"gb-media-4d31556e\" alt=\"\" title=\"image14\" src=\"https:\/\/dardaniella.com\/wp-content\/uploads\/2024\/02\/image14.jpg\" srcset=\"https:\/\/laclemantn.keral.co\/wp-content\/uploads\/2024\/02\/image14.jpg 1600w, https:\/\/laclemantn.keral.co\/wp-content\/uploads\/2024\/02\/image14-300x225.jpg 300w, https:\/\/laclemantn.keral.co\/wp-content\/uploads\/2024\/02\/image14-1024x768.jpg 1024w, https:\/\/laclemantn.keral.co\/wp-content\/uploads\/2024\/02\/image14-768x576.jpg 768w, https:\/\/laclemantn.keral.co\/wp-content\/uploads\/2024\/02\/image14-1536x1152.jpg 1536w, https:\/\/laclemantn.keral.co\/wp-content\/uploads\/2024\/02\/image14-100x75.jpg 100w, https:\/\/laclemantn.keral.co\/wp-content\/uploads\/2024\/02\/image14-600x450.jpg 600w\" sizes=\"auto, (max-width: 1600px) 100vw, 1600px\" \/>\n<\/div>\n<\/div>\n<\/div>\n\n\n\n<div class=\"gb-element-resto-001 gb-element\">\n<h2 class=\"gb-text gb-text-resto-002\">La Table de la Mer<\/h2>\n\n\n\n<p class=\"gb-text gb-text-resto-003\">Nich\u00e9e sur la falaise, avec une vue imprenable sur le fort de Tabarka, La Table de la Mer vous invite \u00e0 savourer les saveurs de la M\u00e9diterran\u00e9e. Alors que le soleil se couche sur la mer scintillante, illuminant notre piscine suspendue de reflets dor\u00e9s, d\u00e9gustez la p\u00eache du jour ou laissez-vous tenter par notre embl\u00e9matique plateau de fruits de mer. Chaque repas est pr\u00e9par\u00e9 sur commande et doit \u00eatre r\u00e9serv\u00e9 la veille, afin de garantir une exp\u00e9rience enti\u00e8rement sur mesure<\/p>\n\n\n\n<figure class=\"wp-block-image size-large is-resized\"><img loading=\"lazy\" decoding=\"async\" width=\"1024\" height=\"768\" src=\"https:\/\/dardaniella.com\/wp-content\/uploads\/2024\/02\/imagae03-1024x768.jpg\" alt=\"\" class=\"wp-image-1201\" style=\"aspect-ratio:16\/9;object-fit:cover;width:auto;height:650px\" srcset=\"https:\/\/laclemantn.keral.co\/wp-content\/uploads\/2024\/02\/imagae03-1024x768.jpg 1024w, https:\/\/laclemantn.keral.co\/wp-content\/uploads\/2024\/02\/imagae03-300x225.jpg 300w, https:\/\/laclemantn.keral.co\/wp-content\/uploads\/2024\/02\/imagae03-768x576.jpg 768w, https:\/\/laclemantn.keral.co\/wp-content\/uploads\/2024\/02\/imagae03-1536x1152.jpg 1536w, https:\/\/laclemantn.keral.co\/wp-content\/uploads\/2024\/02\/imagae03-100x75.jpg 100w, https:\/\/laclemantn.keral.co\/wp-content\/uploads\/2024\/02\/imagae03-600x450.jpg 600w, https:\/\/laclemantn.keral.co\/wp-content\/uploads\/2024\/02\/imagae03.jpg 1600w\" sizes=\"auto, (max-width: 1024px) 100vw, 1024px\" \/><\/figure>\n<\/div>\n\n\n\n<div class=\"gb-element-insta-001 gb-element\">\n<h2 class=\"gb-text gb-text-insta-002\">#DARDANIELLA<\/h2>\n\n\n\n<p class=\"gb-text gb-text-insta-003\">Explorez @dardaniella et #dardaniella et d\u00e9couvrez des exp\u00e9riences clients inoubliables au sein de notre \u00e9tablissement.<\/p>\n\n\n\n<div class=\"gb-element-insta-004 gb-element\">\n<div class=\"gb-element-insta-col-1 gb-element\">\n<figure class=\"gb-block-image gb-block-image-insta-img-1\"><img decoding=\"async\" class=\"gb-image gb-image-insta-img-1 gb-image gb-image-insta-img-1\" src=\"https:\/\/placehold.co\/400x400\/cccccc\/999999?text=Photo+1\" alt=\"@marine_sja\"\/><\/figure>\n\n\n\n<p class=\"gb-text gb-text-insta-txt-1\"> &nbsp;@MARINE_SJA<\/p>\n<\/div>\n\n\n\n<div class=\"gb-element-insta-col-2 gb-element\">\n<figure class=\"gb-block-image gb-block-image-insta-img-2\"><img decoding=\"async\" class=\"gb-image gb-image-insta-img-2 gb-image gb-image-insta-img-2\" src=\"https:\/\/placehold.co\/400x400\/cccccc\/999999?text=Photo+2\" alt=\"@oneloveourlove\"\/><\/figure>\n\n\n\n<p class=\"gb-text gb-text-insta-txt-2\">@ONELOVEOURLOVE<\/p>\n<\/div>\n\n\n\n<div class=\"gb-element-insta-col-3 gb-element\">\n<figure class=\"gb-block-image gb-block-image-insta-img-3\"><img decoding=\"async\" class=\"gb-image gb-image-insta-img-3 gb-image gb-image-insta-img-3\" src=\"https:\/\/placehold.co\/400x400\/cccccc\/999999?text=Photo+3\" alt=\"@mathildegaunoux\"\/><\/figure>\n\n\n\n<p class=\"gb-text gb-text-insta-txt-3\">@MATHILDEGAUNX<\/p>\n<\/div>\n\n\n\n<div class=\"gb-element-insta-col-4 gb-element\">\n<figure class=\"gb-block-image gb-block-image-insta-img-4\"><img decoding=\"async\" class=\"gb-image gb-image-insta-img-4 gb-image gb-image-insta-img-4\" src=\"https:\/\/placehold.co\/400x400\/cccccc\/999999?text=Photo+4\" alt=\"@exoticjetstters\"\/><\/figure>\n\n\n\n<p class=\"gb-text gb-text-insta-txt-4\">@EXOTICJETSTTERS<\/p>\n<\/div>\n<\/div>\n<\/div>\n<\/div>\n\n\n\n<p><\/p>\n","protected":false},"excerpt":{"rendered":"<p>Welcome back, let us help you with your booking. CHECK-IN CHECK OUT Jeu, 24 Sep &#8211; Sam, 26 Sep CHANGE DATES Resume Search Dar Daniella TABARKA Dar Daniella TABARKA &nbsp;55 Rue Kroumirie, Tabarka 8110 +216 98 591 169 Localisation Contact Bienvenue, votre prochain voyage vous attend. Consulter les tarifs J\u2019ai d\u00e9j\u00e0 effectu\u00e9 une r\u00e9servation Voir &#8230; <a title=\"Home\" class=\"read-more\" href=\"https:\/\/laclemantn.keral.co\/fr\/\" aria-label=\"En savoir plus sur Home\">Lire la suite<\/a><\/p>\n","protected":false},"author":1,"featured_media":0,"parent":0,"menu_order":0,"comment_status":"closed","ping_status":"closed","template":"","meta":{"_acf_changed":false,"footnotes":""},"class_list":["post-1642","page","type-page","status-publish"],"acf":[],"_links":{"self":[{"href":"https:\/\/laclemantn.keral.co\/fr\/wp-json\/wp\/v2\/pages\/1642","targetHints":{"allow":["GET"]}}],"collection":[{"href":"https:\/\/laclemantn.keral.co\/fr\/wp-json\/wp\/v2\/pages"}],"about":[{"href":"https:\/\/laclemantn.keral.co\/fr\/wp-json\/wp\/v2\/types\/page"}],"author":[{"embeddable":true,"href":"https:\/\/laclemantn.keral.co\/fr\/wp-json\/wp\/v2\/users\/1"}],"replies":[{"embeddable":true,"href":"https:\/\/laclemantn.keral.co\/fr\/wp-json\/wp\/v2\/comments?post=1642"}],"version-history":[{"count":573,"href":"https:\/\/laclemantn.keral.co\/fr\/wp-json\/wp\/v2\/pages\/1642\/revisions"}],"predecessor-version":[{"id":4472,"href":"https:\/\/laclemantn.keral.co\/fr\/wp-json\/wp\/v2\/pages\/1642\/revisions\/4472"}],"wp:attachment":[{"href":"https:\/\/laclemantn.keral.co\/fr\/wp-json\/wp\/v2\/media?parent=1642"}],"curies":[{"name":"wp","href":"https:\/\/api.w.org\/{rel}","templated":true}]}}